{"id":3286,"date":"2024-04-09T12:06:45","date_gmt":"2024-04-09T10:06:45","guid":{"rendered":"https:\/\/vucna-sluzba-pavlic.hr\/vucna-sluzba-barban\/"},"modified":"2024-04-10T13:18:32","modified_gmt":"2024-04-10T11:18:32","slug":"vucna-sluzba-barban","status":"publish","type":"page","link":"https:\/\/vucna-sluzba-pavlic.hr\/en\/vucna-sluzba-barban\/","title":{"rendered":"Towing service Barban"},"content":{"rendered":"\t\t<div data-elementor-type=\"wp-page\" data-elementor-id=\"3286\" class=\"elementor elementor-3286 elementor-2887\">\n\t\t\t\t\t\t<section class=\"has_ma_el_bg_slider elementor-section elementor-top-section elementor-element elementor-element-4cd89624 elementor-section-boxed elementor-section-height-default elementor-section-height-default jltma-glass-effect-no\" data-id=\"4cd89624\" data-element_type=\"section\">\n\t\t\t\t\t\t<div class=\"elementor-container elementor-column-gap-no\">\n\t\t\t\t\t<div class=\"has_ma_el_bg_slider elementor-column elementor-col-100 elementor-top-column elementor-element elementor-element-f7530e1 jltma-glass-effect-no\" data-id=\"f7530e1\" data-element_type=\"column\">\n\t\t\t<div class=\"elementor-widget-wrap elementor-element-populated\">\n\t\t\t\t\t\t<section class=\"has_ma_el_bg_slider elementor-section elementor-inner-section elementor-element elementor-element-74f998ec elementor-section-full_width elementor-section-height-default elementor-section-height-default jltma-glass-effect-no\" data-id=\"74f998ec\" data-element_type=\"section\">\n\t\t\t\t\t\t<div class=\"elementor-container elementor-column-gap-no\">\n\t\t\t\t\t<div class=\"has_ma_el_bg_slider elementor-column elementor-col-50 elementor-inner-column elementor-element elementor-element-6f292cb5 jltma-glass-effect-no\" data-id=\"6f292cb5\" data-element_type=\"column\">\n\t\t\t<div class=\"elementor-widget-wrap elementor-element-populated\">\n\t\t\t\t\t\t<div class=\"elementor-element elementor-element-37e61834 jltma-glass-effect-no elementor-widget elementor-widget-image\" data-id=\"37e61834\" data-element_type=\"widget\" data-widget_type=\"image.default\">\n\t\t\t\t<div class=\"elementor-widget-container\">\n\t\t\t\t\t\t\t\t\t\t\t\t\t<img fetchpriority=\"high\" decoding=\"async\" width=\"683\" height=\"455\" src=\"https:\/\/vucna-sluzba-pavlic.hr\/wp-content\/uploads\/2024\/04\/Vucna-sluzba-Barban.jpg\" class=\"attachment-full size-full wp-image-3044\" alt=\"Vu\u010dna slu\u017eba Barban\" srcset=\"https:\/\/vucna-sluzba-pavlic.hr\/wp-content\/uploads\/2024\/04\/Vucna-sluzba-Barban.jpg 683w, https:\/\/vucna-sluzba-pavlic.hr\/wp-content\/uploads\/2024\/04\/Vucna-sluzba-Barban-300x200.jpg 300w\" sizes=\"(max-width: 683px) 100vw, 683px\" \/>\t\t\t\t\t\t\t\t\t\t\t\t\t<\/div>\n\t\t\t\t<\/div>\n\t\t\t\t\t<\/div>\n\t\t<\/div>\n\t\t\t\t<div class=\"has_ma_el_bg_slider elementor-column elementor-col-50 elementor-inner-column elementor-element elementor-element-6ba8c71d jltma-glass-effect-no\" data-id=\"6ba8c71d\" data-element_type=\"column\">\n\t\t\t<div class=\"elementor-widget-wrap elementor-element-populated\">\n\t\t\t\t\t\t<div class=\"elementor-element elementor-element-4621f50e jltma-glass-effect-no elementor-widget elementor-widget-text-editor\" data-id=\"4621f50e\" data-element_type=\"widget\" data-widget_type=\"text-editor.default\">\n\t\t\t\t<div class=\"elementor-widget-container\">\n\t\t\t\t\t\t\tTowing service Pavli\u0107 <strong>Barban<\/strong>\t\t\t\t\t\t<\/div>\n\t\t\t\t<\/div>\n\t\t\t\t<div class=\"elementor-element elementor-element-83c0b43 elementor-widget-divider--separator-type-pattern elementor-widget-divider--view-line jltma-glass-effect-no elementor-widget elementor-widget-divider\" data-id=\"83c0b43\" data-element_type=\"widget\" data-widget_type=\"divider.default\">\n\t\t\t\t<div class=\"elementor-widget-container\">\n\t\t\t\t\t<div class=\"elementor-divider\" style=\"--divider-pattern-url: url(&quot;data:image\/svg+xml,%3Csvg xmlns=&#039;http:\/\/www.w3.org\/2000\/svg&#039; preserveAspectRatio=&#039;none&#039; overflow=&#039;visible&#039; height=&#039;100%&#039; viewBox=&#039;0 0 24 24&#039; fill=&#039;black&#039; stroke=&#039;none&#039;%3E%3Cpolygon points=&#039;9.4,2 24,2 14.6,21.6 0,21.6&#039;\/%3E%3C\/svg%3E&quot;);\">\n\t\t\t<span class=\"elementor-divider-separator\">\n\t\t\t\t\t\t<\/span>\n\t\t<\/div>\n\t\t\t\t<\/div>\n\t\t\t\t<\/div>\n\t\t\t\t<div class=\"elementor-element elementor-element-69c3e8d0 jltma-glass-effect-no elementor-widget elementor-widget-heading\" data-id=\"69c3e8d0\" data-element_type=\"widget\" data-widget_type=\"heading.default\">\n\t\t\t\t<div class=\"elementor-widget-container\">\n\t\t\t<h2 class=\"elementor-heading-title elementor-size-default\"><a href=\"https:\/\/rb.gy\/j4hq81\">Towing service Pavli\u0107<\/a> provides towing services for cars, motorcycles, vans, boats and all types of machines and trailers. Our Barban towing service will provide you with a professional service and will quickly and reliably perform the vehicle towing service..<br\/><br\/>\n\nWith <a href=\"https:\/\/vucna-sluzba-pavlic.hr\/vucna-sluzba-barban\/en\"> towing service and roadside assistance <\/a> Towing service Pavli\u0107 will repair minor technical faults, pump out incorrectly filled fuel, repair tires, remove cars involved in a traffic accident or take the car to a recycling yard.\n<\/h2>\t\t<\/div>\n\t\t\t\t<\/div>\n\t\t\t\t<div class=\"elementor-element elementor-element-4776008b elementor-icon-list--layout-traditional elementor-list-item-link-full_width jltma-glass-effect-no elementor-widget elementor-widget-icon-list\" data-id=\"4776008b\" data-element_type=\"widget\" data-widget_type=\"icon-list.default\">\n\t\t\t\t<div class=\"elementor-widget-container\">\n\t\t\t\t\t<ul class=\"elementor-icon-list-items\">\n\t\t\t\t\t\t\t<li class=\"elementor-icon-list-item\">\n\t\t\t\t\t\t\t\t\t\t\t<span class=\"elementor-icon-list-icon\">\n\t\t\t\t\t\t\t<svg aria-hidden=\"true\" class=\"e-font-icon-svg e-fas-check\" viewBox=\"0 0 512 512\" xmlns=\"http:\/\/www.w3.org\/2000\/svg\"><path d=\"M173.898 439.404l-166.4-166.4c-9.997-9.997-9.997-26.206 0-36.204l36.203-36.204c9.997-9.998 26.207-9.998 36.204 0L192 312.69 432.095 72.596c9.997-9.997 26.207-9.997 36.204 0l36.203 36.204c9.997 9.997 9.997 26.206 0 36.204l-294.4 294.401c-9.998 9.997-26.207 9.997-36.204-.001z\"><\/path><\/svg>\t\t\t\t\t\t<\/span>\n\t\t\t\t\t\t\t\t\t\t<span class=\"elementor-icon-list-text\">Towing service Barban<\/span>\n\t\t\t\t\t\t\t\t\t<\/li>\n\t\t\t\t\t\t\t\t<li class=\"elementor-icon-list-item\">\n\t\t\t\t\t\t\t\t\t\t\t<span class=\"elementor-icon-list-icon\">\n\t\t\t\t\t\t\t<svg aria-hidden=\"true\" class=\"e-font-icon-svg e-fas-check\" viewBox=\"0 0 512 512\" xmlns=\"http:\/\/www.w3.org\/2000\/svg\"><path d=\"M173.898 439.404l-166.4-166.4c-9.997-9.997-9.997-26.206 0-36.204l36.203-36.204c9.997-9.998 26.207-9.998 36.204 0L192 312.69 432.095 72.596c9.997-9.997 26.207-9.997 36.204 0l36.203 36.204c9.997 9.997 9.997 26.206 0 36.204l-294.4 294.401c-9.998 9.997-26.207 9.997-36.204-.001z\"><\/path><\/svg>\t\t\t\t\t\t<\/span>\n\t\t\t\t\t\t\t\t\t\t<span class=\"elementor-icon-list-text\">Towing service Pavli\u0107<\/span>\n\t\t\t\t\t\t\t\t\t<\/li>\n\t\t\t\t\t\t<\/ul>\n\t\t\t\t<\/div>\n\t\t\t\t<\/div>\n\t\t\t\t\t<\/div>\n\t\t<\/div>\n\t\t\t\t\t<\/div>\n\t\t<\/section>\n\t\t\t\t\t<\/div>\n\t\t<\/div>\n\t\t\t\t\t<\/div>\n\t\t<\/section>\n\t\t\t\t<section class=\"has_ma_el_bg_slider elementor-section elementor-top-section elementor-element elementor-element-6fbb127 elementor-section-boxed elementor-section-height-default elementor-section-height-default jltma-glass-effect-no\" data-id=\"6fbb127\" data-element_type=\"section\">\n\t\t\t\t\t\t<div class=\"elementor-container elementor-column-gap-default\">\n\t\t\t\t\t<div class=\"has_ma_el_bg_slider elementor-column elementor-col-100 elementor-top-column elementor-element elementor-element-bd226c5 jltma-glass-effect-no\" data-id=\"bd226c5\" data-element_type=\"column\">\n\t\t\t<div class=\"elementor-widget-wrap elementor-element-populated\">\n\t\t\t\t\t\t<div class=\"elementor-element elementor-element-84e8bfe jltma-glass-effect-no elementor-widget elementor-widget-heading\" data-id=\"84e8bfe\" data-element_type=\"widget\" data-widget_type=\"heading.default\">\n\t\t\t\t<div class=\"elementor-widget-container\">\n\t\t\t<h2 class=\"elementor-heading-title elementor-size-default\">We deal with the transportation of vehicles, we provide you with assistance on the road in case of breakdowns such as a flat tire, battery replacement, highlighting of incorrectly filled fuel and similar minor breakdowns. There is also our towing service if your vehicle breaks down or is damaged as a result of a traffic accident.\nWe continuously invest in equipment and improve our own services, and we will approach each of your requests and inquiries individually and professionally.\nOur vision is to become a reference name for roadside assistance, towing services in the area of Istria County.\nTo the Towing Service Pavli\u0107. you can always count on us, because we go to the field as soon as possible, and our roadside assistance service is available from 0-24 hours.<\/h2>\t\t<\/div>\n\t\t\t\t<\/div>\n\t\t\t\t<div class=\"elementor-element elementor-element-eac12eb jltma-glass-effect-no elementor-widget elementor-widget-text-editor\" data-id=\"eac12eb\" data-element_type=\"widget\" data-widget_type=\"text-editor.default\">\n\t\t\t\t<div class=\"elementor-widget-container\">\n\t\t\t\t\t\t\t\t\t\t\t\t\t<\/div>\n\t\t\t\t<\/div>\n\t\t\t\t\t<\/div>\n\t\t<\/div>\n\t\t\t\t\t<\/div>\n\t\t<\/section>\n\t\t\t\t<section class=\"has_ma_el_bg_slider elementor-section elementor-top-section elementor-element elementor-element-1cc825c elementor-section-boxed elementor-section-height-default elementor-section-height-default jltma-glass-effect-no\" data-id=\"1cc825c\" data-element_type=\"section\">\n\t\t\t\t\t\t<div class=\"elementor-container elementor-column-gap-default\">\n\t\t\t\t\t<div class=\"has_ma_el_bg_slider elementor-column elementor-col-100 elementor-top-column elementor-element elementor-element-19146b4 jltma-glass-effect-no\" data-id=\"19146b4\" data-element_type=\"column\">\n\t\t\t<div class=\"elementor-widget-wrap elementor-element-populated\">\n\t\t\t\t\t\t<div class=\"elementor-element elementor-element-6116f87 jltma-glass-effect-no elementor-widget elementor-widget-heading\" data-id=\"6116f87\" data-element_type=\"widget\" data-widget_type=\"heading.default\">\n\t\t\t\t<div class=\"elementor-widget-container\">\n\t\t\t<h2 class=\"elementor-heading-title elementor-size-default\">The municipality of Barban is located in the southeast of the Istrian peninsula, occupies an area of 94.1 km2 with about 2,800 inhabitants, and includes the areas of the following settlements: Bali\u0107i II, Barani, Barban, Baretuni, Ba\u0161i\u0107i, Bateli kod Prhati, Bateli kod \u017deliski, Belo\u010di, Bi\u010di\u0107i, Borini\u0107i, Buli\u0107i, Camli\u0107i, Celi\u0107i, Cviti\u0107i, Dmini\u0107i, Dobrani, Dolica, Draguzeti, Drakuni, Filini, Frke\u010di, Fumeti, Glavani, Gole\u0161ovo, Gorica, Grandi\u0107i, Gubovica, Hrboki, Ivano\u0161i\u0107i, Juri\u0107ev Kal, Kantunjeri, Koromani, Ko\u017eljani, Kvarantija . Rojni\u0107i, Sankovi\u0107i, Sutivanac, \u0160ajini, \u0160padi, \u0160padi\u0107i, \u0160ugari, \u0160kita\u010da, Trlji, Tro\u0161ti, Vadre\u0161, Vali\u0107i, Varo\u017e and \u017deliski.\n\nBarban Municipality Day is December 6, St. Nicholas, patron of the Parish and Municipality of Barban. On that day, a formal session of the Municipal Council and appropriate ceremonies are held.<\/h2>\t\t<\/div>\n\t\t\t\t<\/div>\n\t\t\t\t<div class=\"elementor-element elementor-element-ebfcbfa jltma-glass-effect-no elementor-widget elementor-widget-text-editor\" data-id=\"ebfcbfa\" data-element_type=\"widget\" data-widget_type=\"text-editor.default\">\n\t\t\t\t<div class=\"elementor-widget-container\">\n\t\t\t\t\t\t\t\t\t\t\t\t\t<\/div>\n\t\t\t\t<\/div>\n\t\t\t\t\t<\/div>\n\t\t<\/div>\n\t\t\t\t\t<\/div>\n\t\t<\/section>\n\t\t\t\t<\/div>\n\t\t","protected":false},"excerpt":{"rendered":"<p>Towing service Pavli\u0107 Barban Towing service Pavli\u0107 provides towing services for cars, motorcycles,<span class=\"more-dots\">&#8230;<\/span><\/p>\n","protected":false},"author":1,"featured_media":0,"parent":0,"menu_order":0,"comment_status":"closed","ping_status":"closed","template":"","meta":{"footnotes":""},"class_list":["post-3286","page","type-page","status-publish","hentry"],"yoast_head":"<!-- This site is optimized with the Yoast SEO plugin v22.4 - https:\/\/yoast.com\/wordpress\/plugins\/seo\/ -->\n<title>Towing service Barban - Vu\u010dna slu\u017eba Pavli\u0107 - ISTRA<\/title>\n<meta name=\"description\" content=\"Barban towing service provides towing services for cars, motorcycles, vans, boats and all types of machines and trailers.\" \/>\n<meta name=\"robots\" content=\"index, follow, max-snippet:-1, max-image-preview:large, max-video-preview:-1\" \/>\n<link rel=\"canonical\" href=\"https:\/\/vucna-sluzba-pavlic.hr\/en\/vucna-sluzba-barban\/\" \/>\n<meta property=\"og:locale\" content=\"en_US\" \/>\n<meta property=\"og:type\" content=\"article\" \/>\n<meta property=\"og:title\" content=\"Towing service Barban - Vu\u010dna slu\u017eba Pavli\u0107 - ISTRA\" \/>\n<meta property=\"og:description\" content=\"Barban towing service provides towing services for cars, motorcycles, vans, boats and all types of machines and trailers.\" \/>\n<meta property=\"og:url\" content=\"https:\/\/vucna-sluzba-pavlic.hr\/en\/vucna-sluzba-barban\/\" \/>\n<meta property=\"og:site_name\" content=\"Vu\u010dna slu\u017eba Pavli\u0107 - ISTRA\" \/>\n<meta property=\"article:modified_time\" content=\"2024-04-10T11:18:32+00:00\" \/>\n<meta property=\"og:image\" content=\"https:\/\/vucna-sluzba-pavlic.hr\/wp-content\/uploads\/2024\/04\/Vucna-sluzba-Barban.jpg\" \/>\n<meta name=\"twitter:card\" content=\"summary_large_image\" \/>\n<meta name=\"twitter:label1\" content=\"Est. reading time\" \/>\n\t<meta name=\"twitter:data1\" content=\"2 minutes\" \/>\n<script type=\"application\/ld+json\" class=\"yoast-schema-graph\">{\"@context\":\"https:\/\/schema.org\",\"@graph\":[{\"@type\":\"WebPage\",\"@id\":\"https:\/\/vucna-sluzba-pavlic.hr\/en\/vucna-sluzba-barban\/\",\"url\":\"https:\/\/vucna-sluzba-pavlic.hr\/en\/vucna-sluzba-barban\/\",\"name\":\"Towing service Barban - Vu\u010dna slu\u017eba Pavli\u0107 - ISTRA\",\"isPartOf\":{\"@id\":\"\/#website\"},\"primaryImageOfPage\":{\"@id\":\"https:\/\/vucna-sluzba-pavlic.hr\/en\/vucna-sluzba-barban\/#primaryimage\"},\"image\":{\"@id\":\"https:\/\/vucna-sluzba-pavlic.hr\/en\/vucna-sluzba-barban\/#primaryimage\"},\"thumbnailUrl\":\"https:\/\/vucna-sluzba-pavlic.hr\/wp-content\/uploads\/2024\/04\/Vucna-sluzba-Barban.jpg\",\"datePublished\":\"2024-04-09T10:06:45+00:00\",\"dateModified\":\"2024-04-10T11:18:32+00:00\",\"description\":\"Barban towing service provides towing services for cars, motorcycles, vans, boats and all types of machines and trailers.\",\"breadcrumb\":{\"@id\":\"https:\/\/vucna-sluzba-pavlic.hr\/en\/vucna-sluzba-barban\/#breadcrumb\"},\"inLanguage\":\"en-US\",\"potentialAction\":[{\"@type\":\"ReadAction\",\"target\":[\"https:\/\/vucna-sluzba-pavlic.hr\/en\/vucna-sluzba-barban\/\"]}]},{\"@type\":\"ImageObject\",\"inLanguage\":\"en-US\",\"@id\":\"https:\/\/vucna-sluzba-pavlic.hr\/en\/vucna-sluzba-barban\/#primaryimage\",\"url\":\"https:\/\/vucna-sluzba-pavlic.hr\/wp-content\/uploads\/2024\/04\/Vucna-sluzba-Barban.jpg\",\"contentUrl\":\"https:\/\/vucna-sluzba-pavlic.hr\/wp-content\/uploads\/2024\/04\/Vucna-sluzba-Barban.jpg\"},{\"@type\":\"BreadcrumbList\",\"@id\":\"https:\/\/vucna-sluzba-pavlic.hr\/en\/vucna-sluzba-barban\/#breadcrumb\",\"itemListElement\":[{\"@type\":\"ListItem\",\"position\":1,\"name\":\"Home\",\"item\":\"https:\/\/vucna-sluzba-pavlic.hr\/en\/\"},{\"@type\":\"ListItem\",\"position\":2,\"name\":\"Towing service Barban\"}]},{\"@type\":\"WebSite\",\"@id\":\"\/#website\",\"url\":\"\/\",\"name\":\"Vu\u010dna slu\u017eba Pavli\u0107 - ISTRA\",\"description\":\"Vu\u010dna slu\u017eba Istra-Pazin-Rovinj-Pore\u010d-Pula-Labin\",\"publisher\":{\"@id\":\"\/#organization\"},\"alternateName\":\"Vu\u010dna slu\u017eba Istra-Pazin-Rovinj-Pore\u010d-Pula-Labin\",\"potentialAction\":[{\"@type\":\"SearchAction\",\"target\":{\"@type\":\"EntryPoint\",\"urlTemplate\":\"\/?s={search_term_string}\"},\"query-input\":\"required name=search_term_string\"}],\"inLanguage\":\"en-US\"},{\"@type\":\"Organization\",\"@id\":\"\/#organization\",\"name\":\"Vu\u010dna slu\u017eba Pavli\u0107 - ISTRA\",\"alternateName\":\"Vu\u010dna slu\u017eba Istra-Pazin-Rovinj-Pore\u010d-Pula-Labin\",\"url\":\"\/\",\"logo\":{\"@type\":\"ImageObject\",\"inLanguage\":\"en-US\",\"@id\":\"\/#\/schema\/logo\/image\/\",\"url\":\"https:\/\/vucna-sluzba-pavlic.hr\/wp-content\/uploads\/2024\/04\/logo.png\",\"contentUrl\":\"https:\/\/vucna-sluzba-pavlic.hr\/wp-content\/uploads\/2024\/04\/logo.png\",\"width\":60,\"height\":54,\"caption\":\"Vu\u010dna slu\u017eba Pavli\u0107 - ISTRA\"},\"image\":{\"@id\":\"\/#\/schema\/logo\/image\/\"}}]}<\/script>\n<!-- \/ Yoast SEO plugin. -->","yoast_head_json":{"title":"Towing service Barban - Vu\u010dna slu\u017eba Pavli\u0107 - ISTRA","description":"Barban towing service provides towing services for cars, motorcycles, vans, boats and all types of machines and trailers.","robots":{"index":"index","follow":"follow","max-snippet":"max-snippet:-1","max-image-preview":"max-image-preview:large","max-video-preview":"max-video-preview:-1"},"canonical":"https:\/\/vucna-sluzba-pavlic.hr\/en\/vucna-sluzba-barban\/","og_locale":"en_US","og_type":"article","og_title":"Towing service Barban - Vu\u010dna slu\u017eba Pavli\u0107 - ISTRA","og_description":"Barban towing service provides towing services for cars, motorcycles, vans, boats and all types of machines and trailers.","og_url":"https:\/\/vucna-sluzba-pavlic.hr\/en\/vucna-sluzba-barban\/","og_site_name":"Vu\u010dna slu\u017eba Pavli\u0107 - ISTRA","article_modified_time":"2024-04-10T11:18:32+00:00","og_image":[{"url":"https:\/\/vucna-sluzba-pavlic.hr\/wp-content\/uploads\/2024\/04\/Vucna-sluzba-Barban.jpg"}],"twitter_card":"summary_large_image","twitter_misc":{"Est. reading time":"2 minutes"},"schema":{"@context":"https:\/\/schema.org","@graph":[{"@type":"WebPage","@id":"https:\/\/vucna-sluzba-pavlic.hr\/en\/vucna-sluzba-barban\/","url":"https:\/\/vucna-sluzba-pavlic.hr\/en\/vucna-sluzba-barban\/","name":"Towing service Barban - Vu\u010dna slu\u017eba Pavli\u0107 - ISTRA","isPartOf":{"@id":"\/#website"},"primaryImageOfPage":{"@id":"https:\/\/vucna-sluzba-pavlic.hr\/en\/vucna-sluzba-barban\/#primaryimage"},"image":{"@id":"https:\/\/vucna-sluzba-pavlic.hr\/en\/vucna-sluzba-barban\/#primaryimage"},"thumbnailUrl":"https:\/\/vucna-sluzba-pavlic.hr\/wp-content\/uploads\/2024\/04\/Vucna-sluzba-Barban.jpg","datePublished":"2024-04-09T10:06:45+00:00","dateModified":"2024-04-10T11:18:32+00:00","description":"Barban towing service provides towing services for cars, motorcycles, vans, boats and all types of machines and trailers.","breadcrumb":{"@id":"https:\/\/vucna-sluzba-pavlic.hr\/en\/vucna-sluzba-barban\/#breadcrumb"},"inLanguage":"en-US","potentialAction":[{"@type":"ReadAction","target":["https:\/\/vucna-sluzba-pavlic.hr\/en\/vucna-sluzba-barban\/"]}]},{"@type":"ImageObject","inLanguage":"en-US","@id":"https:\/\/vucna-sluzba-pavlic.hr\/en\/vucna-sluzba-barban\/#primaryimage","url":"https:\/\/vucna-sluzba-pavlic.hr\/wp-content\/uploads\/2024\/04\/Vucna-sluzba-Barban.jpg","contentUrl":"https:\/\/vucna-sluzba-pavlic.hr\/wp-content\/uploads\/2024\/04\/Vucna-sluzba-Barban.jpg"},{"@type":"BreadcrumbList","@id":"https:\/\/vucna-sluzba-pavlic.hr\/en\/vucna-sluzba-barban\/#breadcrumb","itemListElement":[{"@type":"ListItem","position":1,"name":"Home","item":"https:\/\/vucna-sluzba-pavlic.hr\/en\/"},{"@type":"ListItem","position":2,"name":"Towing service Barban"}]},{"@type":"WebSite","@id":"\/#website","url":"\/","name":"Vu\u010dna slu\u017eba Pavli\u0107 - ISTRA","description":"Vu\u010dna slu\u017eba Istra-Pazin-Rovinj-Pore\u010d-Pula-Labin","publisher":{"@id":"\/#organization"},"alternateName":"Vu\u010dna slu\u017eba Istra-Pazin-Rovinj-Pore\u010d-Pula-Labin","potentialAction":[{"@type":"SearchAction","target":{"@type":"EntryPoint","urlTemplate":"\/?s={search_term_string}"},"query-input":"required name=search_term_string"}],"inLanguage":"en-US"},{"@type":"Organization","@id":"\/#organization","name":"Vu\u010dna slu\u017eba Pavli\u0107 - ISTRA","alternateName":"Vu\u010dna slu\u017eba Istra-Pazin-Rovinj-Pore\u010d-Pula-Labin","url":"\/","logo":{"@type":"ImageObject","inLanguage":"en-US","@id":"\/#\/schema\/logo\/image\/","url":"https:\/\/vucna-sluzba-pavlic.hr\/wp-content\/uploads\/2024\/04\/logo.png","contentUrl":"https:\/\/vucna-sluzba-pavlic.hr\/wp-content\/uploads\/2024\/04\/logo.png","width":60,"height":54,"caption":"Vu\u010dna slu\u017eba Pavli\u0107 - ISTRA"},"image":{"@id":"\/#\/schema\/logo\/image\/"}}]}},"_links":{"self":[{"href":"https:\/\/vucna-sluzba-pavlic.hr\/en\/wp-json\/wp\/v2\/pages\/3286","targetHints":{"allow":["GET"]}}],"collection":[{"href":"https:\/\/vucna-sluzba-pavlic.hr\/en\/wp-json\/wp\/v2\/pages"}],"about":[{"href":"https:\/\/vucna-sluzba-pavlic.hr\/en\/wp-json\/wp\/v2\/types\/page"}],"author":[{"embeddable":true,"href":"https:\/\/vucna-sluzba-pavlic.hr\/en\/wp-json\/wp\/v2\/users\/1"}],"replies":[{"embeddable":true,"href":"https:\/\/vucna-sluzba-pavlic.hr\/en\/wp-json\/wp\/v2\/comments?post=3286"}],"version-history":[{"count":4,"href":"https:\/\/vucna-sluzba-pavlic.hr\/en\/wp-json\/wp\/v2\/pages\/3286\/revisions"}],"predecessor-version":[{"id":3291,"href":"https:\/\/vucna-sluzba-pavlic.hr\/en\/wp-json\/wp\/v2\/pages\/3286\/revisions\/3291"}],"wp:attachment":[{"href":"https:\/\/vucna-sluzba-pavlic.hr\/en\/wp-json\/wp\/v2\/media?parent=3286"}],"curies":[{"name":"wp","href":"https:\/\/api.w.org\/{rel}","templated":true}]}}