{"id":3325,"date":"2024-04-09T12:23:46","date_gmt":"2024-04-09T10:23:46","guid":{"rendered":"https:\/\/vucna-sluzba-pavlic.hr\/vucna-sluzba-rovinj\/"},"modified":"2024-04-10T13:50:52","modified_gmt":"2024-04-10T11:50:52","slug":"vucna-sluzba-rovinj","status":"publish","type":"page","link":"https:\/\/vucna-sluzba-pavlic.hr\/en\/vucna-sluzba-rovinj\/","title":{"rendered":"Towing service Rovinj"},"content":{"rendered":"\t\t<div data-elementor-type=\"wp-page\" data-elementor-id=\"3325\" class=\"elementor elementor-3325 elementor-2915\">\n\t\t\t\t\t\t<section class=\"has_ma_el_bg_slider elementor-section elementor-top-section elementor-element elementor-element-266bc9c8 elementor-section-boxed elementor-section-height-default elementor-section-height-default jltma-glass-effect-no\" data-id=\"266bc9c8\" data-element_type=\"section\">\n\t\t\t\t\t\t<div class=\"elementor-container elementor-column-gap-no\">\n\t\t\t\t\t<div class=\"has_ma_el_bg_slider elementor-column elementor-col-100 elementor-top-column elementor-element elementor-element-23b8d672 jltma-glass-effect-no\" data-id=\"23b8d672\" data-element_type=\"column\">\n\t\t\t<div class=\"elementor-widget-wrap elementor-element-populated\">\n\t\t\t\t\t\t<section class=\"has_ma_el_bg_slider elementor-section elementor-inner-section elementor-element elementor-element-2688269a elementor-section-full_width elementor-section-height-default elementor-section-height-default jltma-glass-effect-no\" data-id=\"2688269a\" data-element_type=\"section\">\n\t\t\t\t\t\t<div class=\"elementor-container elementor-column-gap-no\">\n\t\t\t\t\t<div class=\"has_ma_el_bg_slider elementor-column elementor-col-50 elementor-inner-column elementor-element elementor-element-3387b1af jltma-glass-effect-no\" data-id=\"3387b1af\" data-element_type=\"column\">\n\t\t\t<div class=\"elementor-widget-wrap elementor-element-populated\">\n\t\t\t\t\t\t<div class=\"elementor-element elementor-element-a2b9a5c jltma-glass-effect-no elementor-widget elementor-widget-image\" data-id=\"a2b9a5c\" data-element_type=\"widget\" data-widget_type=\"image.default\">\n\t\t\t\t<div class=\"elementor-widget-container\">\n\t\t\t\t\t\t\t\t\t\t\t\t\t<img fetchpriority=\"high\" decoding=\"async\" width=\"683\" height=\"455\" src=\"https:\/\/vucna-sluzba-pavlic.hr\/wp-content\/uploads\/2024\/04\/Vucna-sluzba-Rovinj.jpg\" class=\"attachment-full size-full wp-image-3110\" alt=\"Vu\u010dna slu\u017eba Rovinj\" srcset=\"https:\/\/vucna-sluzba-pavlic.hr\/wp-content\/uploads\/2024\/04\/Vucna-sluzba-Rovinj.jpg 683w, https:\/\/vucna-sluzba-pavlic.hr\/wp-content\/uploads\/2024\/04\/Vucna-sluzba-Rovinj-300x200.jpg 300w\" sizes=\"(max-width: 683px) 100vw, 683px\" \/>\t\t\t\t\t\t\t\t\t\t\t\t\t<\/div>\n\t\t\t\t<\/div>\n\t\t\t\t\t<\/div>\n\t\t<\/div>\n\t\t\t\t<div class=\"has_ma_el_bg_slider elementor-column elementor-col-50 elementor-inner-column elementor-element elementor-element-45b518c3 jltma-glass-effect-no\" data-id=\"45b518c3\" data-element_type=\"column\">\n\t\t\t<div class=\"elementor-widget-wrap elementor-element-populated\">\n\t\t\t\t\t\t<div class=\"elementor-element elementor-element-5bd89c03 jltma-glass-effect-no elementor-widget elementor-widget-text-editor\" data-id=\"5bd89c03\" data-element_type=\"widget\" data-widget_type=\"text-editor.default\">\n\t\t\t\t<div class=\"elementor-widget-container\">\n\t\t\t\t\t\t\tTowing service Pavli\u0107 <strong>Rovinj<\/strong>\t\t\t\t\t\t<\/div>\n\t\t\t\t<\/div>\n\t\t\t\t<div class=\"elementor-element elementor-element-79ca5828 elementor-widget-divider--separator-type-pattern elementor-widget-divider--view-line jltma-glass-effect-no elementor-widget elementor-widget-divider\" data-id=\"79ca5828\" data-element_type=\"widget\" data-widget_type=\"divider.default\">\n\t\t\t\t<div class=\"elementor-widget-container\">\n\t\t\t\t\t<div class=\"elementor-divider\" style=\"--divider-pattern-url: url(&quot;data:image\/svg+xml,%3Csvg xmlns=&#039;http:\/\/www.w3.org\/2000\/svg&#039; preserveAspectRatio=&#039;none&#039; overflow=&#039;visible&#039; height=&#039;100%&#039; viewBox=&#039;0 0 24 24&#039; fill=&#039;black&#039; stroke=&#039;none&#039;%3E%3Cpolygon points=&#039;9.4,2 24,2 14.6,21.6 0,21.6&#039;\/%3E%3C\/svg%3E&quot;);\">\n\t\t\t<span class=\"elementor-divider-separator\">\n\t\t\t\t\t\t<\/span>\n\t\t<\/div>\n\t\t\t\t<\/div>\n\t\t\t\t<\/div>\n\t\t\t\t<div class=\"elementor-element elementor-element-70a68cc9 jltma-glass-effect-no elementor-widget elementor-widget-heading\" data-id=\"70a68cc9\" data-element_type=\"widget\" data-widget_type=\"heading.default\">\n\t\t\t\t<div class=\"elementor-widget-container\">\n\t\t\t<h2 class=\"elementor-heading-title elementor-size-default\"><a href=\"https:\/\/shorturl.at\/auxK1\">Towing service Pavli\u0107<\/a> provides towing services for cars, motorcycles, vans, boats and all types of machines and trailers. Our Rovinj towing service will provide you with a professional service and will quickly and reliably perform the vehicle towing service..<br\/><br\/>\n\nWith <a href=\"https:\/\/vucna-sluzba-pavlic.hr\/vucna-sluzba-rovinj\/en\"> towing service and roadside assistance <\/a> Towing service Pavli\u0107 will repair minor technical faults, pump out incorrectly filled fuel, repair tires, remove cars involved in a traffic accident or take the car to a recycling yard.<\/h2>\t\t<\/div>\n\t\t\t\t<\/div>\n\t\t\t\t<div class=\"elementor-element elementor-element-3d9be576 elementor-icon-list--layout-traditional elementor-list-item-link-full_width jltma-glass-effect-no elementor-widget elementor-widget-icon-list\" data-id=\"3d9be576\" data-element_type=\"widget\" data-widget_type=\"icon-list.default\">\n\t\t\t\t<div class=\"elementor-widget-container\">\n\t\t\t\t\t<ul class=\"elementor-icon-list-items\">\n\t\t\t\t\t\t\t<li class=\"elementor-icon-list-item\">\n\t\t\t\t\t\t\t\t\t\t\t<span class=\"elementor-icon-list-icon\">\n\t\t\t\t\t\t\t<svg aria-hidden=\"true\" class=\"e-font-icon-svg e-fas-check\" viewBox=\"0 0 512 512\" xmlns=\"http:\/\/www.w3.org\/2000\/svg\"><path d=\"M173.898 439.404l-166.4-166.4c-9.997-9.997-9.997-26.206 0-36.204l36.203-36.204c9.997-9.998 26.207-9.998 36.204 0L192 312.69 432.095 72.596c9.997-9.997 26.207-9.997 36.204 0l36.203 36.204c9.997 9.997 9.997 26.206 0 36.204l-294.4 294.401c-9.998 9.997-26.207 9.997-36.204-.001z\"><\/path><\/svg>\t\t\t\t\t\t<\/span>\n\t\t\t\t\t\t\t\t\t\t<span class=\"elementor-icon-list-text\">Towing service Rovinj<\/span>\n\t\t\t\t\t\t\t\t\t<\/li>\n\t\t\t\t\t\t\t\t<li class=\"elementor-icon-list-item\">\n\t\t\t\t\t\t\t\t\t\t\t<span class=\"elementor-icon-list-icon\">\n\t\t\t\t\t\t\t<svg aria-hidden=\"true\" class=\"e-font-icon-svg e-fas-check\" viewBox=\"0 0 512 512\" xmlns=\"http:\/\/www.w3.org\/2000\/svg\"><path d=\"M173.898 439.404l-166.4-166.4c-9.997-9.997-9.997-26.206 0-36.204l36.203-36.204c9.997-9.998 26.207-9.998 36.204 0L192 312.69 432.095 72.596c9.997-9.997 26.207-9.997 36.204 0l36.203 36.204c9.997 9.997 9.997 26.206 0 36.204l-294.4 294.401c-9.998 9.997-26.207 9.997-36.204-.001z\"><\/path><\/svg>\t\t\t\t\t\t<\/span>\n\t\t\t\t\t\t\t\t\t\t<span class=\"elementor-icon-list-text\">Towing service Pavli\u0107<\/span>\n\t\t\t\t\t\t\t\t\t<\/li>\n\t\t\t\t\t\t<\/ul>\n\t\t\t\t<\/div>\n\t\t\t\t<\/div>\n\t\t\t\t\t<\/div>\n\t\t<\/div>\n\t\t\t\t\t<\/div>\n\t\t<\/section>\n\t\t\t\t\t<\/div>\n\t\t<\/div>\n\t\t\t\t\t<\/div>\n\t\t<\/section>\n\t\t\t\t<section class=\"has_ma_el_bg_slider elementor-section elementor-top-section elementor-element elementor-element-61ab9b80 elementor-section-boxed elementor-section-height-default elementor-section-height-default jltma-glass-effect-no\" data-id=\"61ab9b80\" data-element_type=\"section\">\n\t\t\t\t\t\t<div class=\"elementor-container elementor-column-gap-default\">\n\t\t\t\t\t<div class=\"has_ma_el_bg_slider elementor-column elementor-col-100 elementor-top-column elementor-element elementor-element-3f265ed6 jltma-glass-effect-no\" data-id=\"3f265ed6\" data-element_type=\"column\">\n\t\t\t<div class=\"elementor-widget-wrap elementor-element-populated\">\n\t\t\t\t\t\t<div class=\"elementor-element elementor-element-25e5601c jltma-glass-effect-no elementor-widget elementor-widget-heading\" data-id=\"25e5601c\" data-element_type=\"widget\" data-widget_type=\"heading.default\">\n\t\t\t\t<div class=\"elementor-widget-container\">\n\t\t\t<h2 class=\"elementor-heading-title elementor-size-default\">We deal with the transportation of vehicles, we provide you with assistance on the road in case of breakdowns such as a flat tire, battery replacement, highlighting of incorrectly filled fuel and similar minor breakdowns. There is also our towing service if your vehicle breaks down or is damaged as a result of a traffic accident.\nWe continuously invest in equipment and improve our own services, and we will approach each of your requests and inquiries individually and professionally.\nOur vision is to become a reference name for roadside assistance, towing services in the area of Istria County.\nTo the Towing Service Rovinj - Pavli\u0107. you can always count on us, because we go to the field as soon as possible, and our roadside assistance service is available from 0-24 hours.\n<\/h2>\t\t<\/div>\n\t\t\t\t<\/div>\n\t\t\t\t<div class=\"elementor-element elementor-element-1ab6c17c jltma-glass-effect-no elementor-widget elementor-widget-text-editor\" data-id=\"1ab6c17c\" data-element_type=\"widget\" data-widget_type=\"text-editor.default\">\n\t\t\t\t<div class=\"elementor-widget-container\">\n\t\t\t\t\t\t\t\t\t\t\t\t\t<\/div>\n\t\t\t\t<\/div>\n\t\t\t\t\t<\/div>\n\t\t<\/div>\n\t\t\t\t\t<\/div>\n\t\t<\/section>\n\t\t\t\t<\/div>\n\t\t","protected":false},"excerpt":{"rendered":"<p>Towing service Pavli\u0107 Rovinj Towing service Pavli\u0107 provides towing services for cars, motorcycles,<span class=\"more-dots\">&#8230;<\/span><\/p>\n","protected":false},"author":1,"featured_media":0,"parent":0,"menu_order":0,"comment_status":"closed","ping_status":"closed","template":"","meta":{"footnotes":""},"class_list":["post-3325","page","type-page","status-publish","hentry"],"yoast_head":"<!-- This site is optimized with the Yoast SEO plugin v22.4 - https:\/\/yoast.com\/wordpress\/plugins\/seo\/ -->\n<title>Towing service Rovinj - Vu\u010dna slu\u017eba Pavli\u0107 - ISTRA<\/title>\n<meta name=\"description\" content=\"Towing service Rovinj provides towing services for cars, motorcycles, vans, boats and all types of machines and trailers.\" \/>\n<meta name=\"robots\" content=\"index, follow, max-snippet:-1, max-image-preview:large, max-video-preview:-1\" \/>\n<link rel=\"canonical\" href=\"https:\/\/vucna-sluzba-pavlic.hr\/en\/vucna-sluzba-rovinj\/\" \/>\n<meta property=\"og:locale\" content=\"en_US\" \/>\n<meta property=\"og:type\" content=\"article\" \/>\n<meta property=\"og:title\" content=\"Towing service Rovinj - Vu\u010dna slu\u017eba Pavli\u0107 - ISTRA\" \/>\n<meta property=\"og:description\" content=\"Towing service Rovinj provides towing services for cars, motorcycles, vans, boats and all types of machines and trailers.\" \/>\n<meta property=\"og:url\" content=\"https:\/\/vucna-sluzba-pavlic.hr\/en\/vucna-sluzba-rovinj\/\" \/>\n<meta property=\"og:site_name\" content=\"Vu\u010dna slu\u017eba Pavli\u0107 - ISTRA\" \/>\n<meta property=\"article:modified_time\" content=\"2024-04-10T11:50:52+00:00\" \/>\n<meta property=\"og:image\" content=\"https:\/\/vucna-sluzba-pavlic.hr\/wp-content\/uploads\/2024\/04\/Vucna-sluzba-Rovinj.jpg\" \/>\n<meta name=\"twitter:card\" content=\"summary_large_image\" \/>\n<meta name=\"twitter:label1\" content=\"Est. reading time\" \/>\n\t<meta name=\"twitter:data1\" content=\"2 minutes\" \/>\n<script type=\"application\/ld+json\" class=\"yoast-schema-graph\">{\"@context\":\"https:\/\/schema.org\",\"@graph\":[{\"@type\":\"WebPage\",\"@id\":\"https:\/\/vucna-sluzba-pavlic.hr\/en\/vucna-sluzba-rovinj\/\",\"url\":\"https:\/\/vucna-sluzba-pavlic.hr\/en\/vucna-sluzba-rovinj\/\",\"name\":\"Towing service Rovinj - Vu\u010dna slu\u017eba Pavli\u0107 - ISTRA\",\"isPartOf\":{\"@id\":\"\/#website\"},\"primaryImageOfPage\":{\"@id\":\"https:\/\/vucna-sluzba-pavlic.hr\/en\/vucna-sluzba-rovinj\/#primaryimage\"},\"image\":{\"@id\":\"https:\/\/vucna-sluzba-pavlic.hr\/en\/vucna-sluzba-rovinj\/#primaryimage\"},\"thumbnailUrl\":\"https:\/\/vucna-sluzba-pavlic.hr\/wp-content\/uploads\/2024\/04\/Vucna-sluzba-Rovinj.jpg\",\"datePublished\":\"2024-04-09T10:23:46+00:00\",\"dateModified\":\"2024-04-10T11:50:52+00:00\",\"description\":\"Towing service Rovinj provides towing services for cars, motorcycles, vans, boats and all types of machines and trailers.\",\"breadcrumb\":{\"@id\":\"https:\/\/vucna-sluzba-pavlic.hr\/en\/vucna-sluzba-rovinj\/#breadcrumb\"},\"inLanguage\":\"en-US\",\"potentialAction\":[{\"@type\":\"ReadAction\",\"target\":[\"https:\/\/vucna-sluzba-pavlic.hr\/en\/vucna-sluzba-rovinj\/\"]}]},{\"@type\":\"ImageObject\",\"inLanguage\":\"en-US\",\"@id\":\"https:\/\/vucna-sluzba-pavlic.hr\/en\/vucna-sluzba-rovinj\/#primaryimage\",\"url\":\"https:\/\/vucna-sluzba-pavlic.hr\/wp-content\/uploads\/2024\/04\/Vucna-sluzba-Rovinj.jpg\",\"contentUrl\":\"https:\/\/vucna-sluzba-pavlic.hr\/wp-content\/uploads\/2024\/04\/Vucna-sluzba-Rovinj.jpg\"},{\"@type\":\"BreadcrumbList\",\"@id\":\"https:\/\/vucna-sluzba-pavlic.hr\/en\/vucna-sluzba-rovinj\/#breadcrumb\",\"itemListElement\":[{\"@type\":\"ListItem\",\"position\":1,\"name\":\"Home\",\"item\":\"https:\/\/vucna-sluzba-pavlic.hr\/en\/\"},{\"@type\":\"ListItem\",\"position\":2,\"name\":\"Towing service Rovinj\"}]},{\"@type\":\"WebSite\",\"@id\":\"\/#website\",\"url\":\"\/\",\"name\":\"Vu\u010dna slu\u017eba Pavli\u0107 - ISTRA\",\"description\":\"Vu\u010dna slu\u017eba Istra-Pazin-Rovinj-Pore\u010d-Pula-Labin\",\"publisher\":{\"@id\":\"\/#organization\"},\"alternateName\":\"Vu\u010dna slu\u017eba Istra-Pazin-Rovinj-Pore\u010d-Pula-Labin\",\"potentialAction\":[{\"@type\":\"SearchAction\",\"target\":{\"@type\":\"EntryPoint\",\"urlTemplate\":\"\/?s={search_term_string}\"},\"query-input\":\"required name=search_term_string\"}],\"inLanguage\":\"en-US\"},{\"@type\":\"Organization\",\"@id\":\"\/#organization\",\"name\":\"Vu\u010dna slu\u017eba Pavli\u0107 - ISTRA\",\"alternateName\":\"Vu\u010dna slu\u017eba Istra-Pazin-Rovinj-Pore\u010d-Pula-Labin\",\"url\":\"\/\",\"logo\":{\"@type\":\"ImageObject\",\"inLanguage\":\"en-US\",\"@id\":\"\/#\/schema\/logo\/image\/\",\"url\":\"https:\/\/vucna-sluzba-pavlic.hr\/wp-content\/uploads\/2024\/04\/logo.png\",\"contentUrl\":\"https:\/\/vucna-sluzba-pavlic.hr\/wp-content\/uploads\/2024\/04\/logo.png\",\"width\":60,\"height\":54,\"caption\":\"Vu\u010dna slu\u017eba Pavli\u0107 - ISTRA\"},\"image\":{\"@id\":\"\/#\/schema\/logo\/image\/\"}}]}<\/script>\n<!-- \/ Yoast SEO plugin. -->","yoast_head_json":{"title":"Towing service Rovinj - Vu\u010dna slu\u017eba Pavli\u0107 - ISTRA","description":"Towing service Rovinj provides towing services for cars, motorcycles, vans, boats and all types of machines and trailers.","robots":{"index":"index","follow":"follow","max-snippet":"max-snippet:-1","max-image-preview":"max-image-preview:large","max-video-preview":"max-video-preview:-1"},"canonical":"https:\/\/vucna-sluzba-pavlic.hr\/en\/vucna-sluzba-rovinj\/","og_locale":"en_US","og_type":"article","og_title":"Towing service Rovinj - Vu\u010dna slu\u017eba Pavli\u0107 - ISTRA","og_description":"Towing service Rovinj provides towing services for cars, motorcycles, vans, boats and all types of machines and trailers.","og_url":"https:\/\/vucna-sluzba-pavlic.hr\/en\/vucna-sluzba-rovinj\/","og_site_name":"Vu\u010dna slu\u017eba Pavli\u0107 - ISTRA","article_modified_time":"2024-04-10T11:50:52+00:00","og_image":[{"url":"https:\/\/vucna-sluzba-pavlic.hr\/wp-content\/uploads\/2024\/04\/Vucna-sluzba-Rovinj.jpg"}],"twitter_card":"summary_large_image","twitter_misc":{"Est. reading time":"2 minutes"},"schema":{"@context":"https:\/\/schema.org","@graph":[{"@type":"WebPage","@id":"https:\/\/vucna-sluzba-pavlic.hr\/en\/vucna-sluzba-rovinj\/","url":"https:\/\/vucna-sluzba-pavlic.hr\/en\/vucna-sluzba-rovinj\/","name":"Towing service Rovinj - Vu\u010dna slu\u017eba Pavli\u0107 - ISTRA","isPartOf":{"@id":"\/#website"},"primaryImageOfPage":{"@id":"https:\/\/vucna-sluzba-pavlic.hr\/en\/vucna-sluzba-rovinj\/#primaryimage"},"image":{"@id":"https:\/\/vucna-sluzba-pavlic.hr\/en\/vucna-sluzba-rovinj\/#primaryimage"},"thumbnailUrl":"https:\/\/vucna-sluzba-pavlic.hr\/wp-content\/uploads\/2024\/04\/Vucna-sluzba-Rovinj.jpg","datePublished":"2024-04-09T10:23:46+00:00","dateModified":"2024-04-10T11:50:52+00:00","description":"Towing service Rovinj provides towing services for cars, motorcycles, vans, boats and all types of machines and trailers.","breadcrumb":{"@id":"https:\/\/vucna-sluzba-pavlic.hr\/en\/vucna-sluzba-rovinj\/#breadcrumb"},"inLanguage":"en-US","potentialAction":[{"@type":"ReadAction","target":["https:\/\/vucna-sluzba-pavlic.hr\/en\/vucna-sluzba-rovinj\/"]}]},{"@type":"ImageObject","inLanguage":"en-US","@id":"https:\/\/vucna-sluzba-pavlic.hr\/en\/vucna-sluzba-rovinj\/#primaryimage","url":"https:\/\/vucna-sluzba-pavlic.hr\/wp-content\/uploads\/2024\/04\/Vucna-sluzba-Rovinj.jpg","contentUrl":"https:\/\/vucna-sluzba-pavlic.hr\/wp-content\/uploads\/2024\/04\/Vucna-sluzba-Rovinj.jpg"},{"@type":"BreadcrumbList","@id":"https:\/\/vucna-sluzba-pavlic.hr\/en\/vucna-sluzba-rovinj\/#breadcrumb","itemListElement":[{"@type":"ListItem","position":1,"name":"Home","item":"https:\/\/vucna-sluzba-pavlic.hr\/en\/"},{"@type":"ListItem","position":2,"name":"Towing service Rovinj"}]},{"@type":"WebSite","@id":"\/#website","url":"\/","name":"Vu\u010dna slu\u017eba Pavli\u0107 - ISTRA","description":"Vu\u010dna slu\u017eba Istra-Pazin-Rovinj-Pore\u010d-Pula-Labin","publisher":{"@id":"\/#organization"},"alternateName":"Vu\u010dna slu\u017eba Istra-Pazin-Rovinj-Pore\u010d-Pula-Labin","potentialAction":[{"@type":"SearchAction","target":{"@type":"EntryPoint","urlTemplate":"\/?s={search_term_string}"},"query-input":"required name=search_term_string"}],"inLanguage":"en-US"},{"@type":"Organization","@id":"\/#organization","name":"Vu\u010dna slu\u017eba Pavli\u0107 - ISTRA","alternateName":"Vu\u010dna slu\u017eba Istra-Pazin-Rovinj-Pore\u010d-Pula-Labin","url":"\/","logo":{"@type":"ImageObject","inLanguage":"en-US","@id":"\/#\/schema\/logo\/image\/","url":"https:\/\/vucna-sluzba-pavlic.hr\/wp-content\/uploads\/2024\/04\/logo.png","contentUrl":"https:\/\/vucna-sluzba-pavlic.hr\/wp-content\/uploads\/2024\/04\/logo.png","width":60,"height":54,"caption":"Vu\u010dna slu\u017eba Pavli\u0107 - ISTRA"},"image":{"@id":"\/#\/schema\/logo\/image\/"}}]}},"_links":{"self":[{"href":"https:\/\/vucna-sluzba-pavlic.hr\/en\/wp-json\/wp\/v2\/pages\/3325","targetHints":{"allow":["GET"]}}],"collection":[{"href":"https:\/\/vucna-sluzba-pavlic.hr\/en\/wp-json\/wp\/v2\/pages"}],"about":[{"href":"https:\/\/vucna-sluzba-pavlic.hr\/en\/wp-json\/wp\/v2\/types\/page"}],"author":[{"embeddable":true,"href":"https:\/\/vucna-sluzba-pavlic.hr\/en\/wp-json\/wp\/v2\/users\/1"}],"replies":[{"embeddable":true,"href":"https:\/\/vucna-sluzba-pavlic.hr\/en\/wp-json\/wp\/v2\/comments?post=3325"}],"version-history":[{"count":4,"href":"https:\/\/vucna-sluzba-pavlic.hr\/en\/wp-json\/wp\/v2\/pages\/3325\/revisions"}],"predecessor-version":[{"id":3329,"href":"https:\/\/vucna-sluzba-pavlic.hr\/en\/wp-json\/wp\/v2\/pages\/3325\/revisions\/3329"}],"wp:attachment":[{"href":"https:\/\/vucna-sluzba-pavlic.hr\/en\/wp-json\/wp\/v2\/media?parent=3325"}],"curies":[{"name":"wp","href":"https:\/\/api.w.org\/{rel}","templated":true}]}}